{"id":23,"date":"2024-05-09T16:13:32","date_gmt":"2024-05-09T16:13:32","guid":{"rendered":"https:\/\/artplas.com.tr\/?page_id=23"},"modified":"2024-09-02T21:41:34","modified_gmt":"2024-09-02T21:41:34","slug":"products","status":"publish","type":"page","link":"https:\/\/artplas.com.tr\/en\/products\/","title":{"rendered":"\u00dcr\u00fcnlerimiz"},"content":{"rendered":"\t\t<div data-elementor-type=\"wp-page\" data-elementor-id=\"23\" class=\"elementor elementor-23\">\n\t\t\t\t<div class=\"elementor-element elementor-element-e94a265 e-flex e-con-boxed e-con e-parent\" data-id=\"e94a265\" data-element_type=\"container\" data-e-type=\"container\" data-settings=\"{&quot;background_background&quot;:&quot;classic&quot;}\">\n\t\t\t\t\t<div class=\"e-con-inner\">\n\t\t<div class=\"elementor-element elementor-element-35482fd e-con-full e-flex e-con e-child\" data-id=\"35482fd\" data-element_type=\"container\" data-e-type=\"container\">\n\t\t\t\t<div class=\"elementor-element elementor-element-41705d6 elementor-widget elementor-widget-image\" data-id=\"41705d6\" data-element_type=\"widget\" data-e-type=\"widget\" data-widget_type=\"image.default\">\n\t\t\t\t<div class=\"elementor-widget-container\">\n\t\t\t\t\t\t\t\t\t\t\t\t\t\t\t<img fetchpriority=\"high\" decoding=\"async\" width=\"550\" height=\"550\" src=\"https:\/\/artplas.com.tr\/en\/wp-content\/uploads\/2024\/05\/000.png\" class=\"attachment-large size-large wp-image-109\" alt=\"\" srcset=\"https:\/\/artplas.com.tr\/en\/wp-content\/uploads\/2024\/05\/000.png 550w, https:\/\/artplas.com.tr\/en\/wp-content\/uploads\/2024\/05\/000-300x300.png 300w, https:\/\/artplas.com.tr\/en\/wp-content\/uploads\/2024\/05\/000-150x150.png 150w\" sizes=\"(max-width: 550px) 100vw, 550px\" \/>\t\t\t\t\t\t\t\t\t\t\t\t\t\t\t<\/div>\n\t\t\t\t<\/div>\n\t\t\t\t<div class=\"elementor-element elementor-element-167551d elementor-widget elementor-widget-heading\" data-id=\"167551d\" data-element_type=\"widget\" data-e-type=\"widget\" data-widget_type=\"heading.default\">\n\t\t\t\t<div class=\"elementor-widget-container\">\n\t\t\t\t\t<h2 class=\"elementor-heading-title elementor-size-default\">Pedal Lastikleri<\/h2>\t\t\t\t<\/div>\n\t\t\t\t<\/div>\n\t\t\t\t<\/div>\n\t\t<div class=\"elementor-element elementor-element-7c34034 e-con-full e-flex e-con e-child\" data-id=\"7c34034\" data-element_type=\"container\" data-e-type=\"container\">\n\t\t\t\t<div class=\"elementor-element elementor-element-92fcdb6 elementor-widget elementor-widget-image\" data-id=\"92fcdb6\" data-element_type=\"widget\" data-e-type=\"widget\" data-widget_type=\"image.default\">\n\t\t\t\t<div class=\"elementor-widget-container\">\n\t\t\t\t\t\t\t\t\t\t\t\t\t\t\t<img decoding=\"async\" width=\"550\" height=\"550\" src=\"https:\/\/artplas.com.tr\/en\/wp-content\/uploads\/2024\/05\/01.png\" class=\"attachment-large size-large wp-image-110\" alt=\"\" srcset=\"https:\/\/artplas.com.tr\/en\/wp-content\/uploads\/2024\/05\/01.png 550w, https:\/\/artplas.com.tr\/en\/wp-content\/uploads\/2024\/05\/01-300x300.png 300w, https:\/\/artplas.com.tr\/en\/wp-content\/uploads\/2024\/05\/01-150x150.png 150w\" sizes=\"(max-width: 550px) 100vw, 550px\" \/>\t\t\t\t\t\t\t\t\t\t\t\t\t\t\t<\/div>\n\t\t\t\t<\/div>\n\t\t\t\t<div class=\"elementor-element elementor-element-9a7973a elementor-widget elementor-widget-heading\" data-id=\"9a7973a\" data-element_type=\"widget\" data-e-type=\"widget\" data-widget_type=\"heading.default\">\n\t\t\t\t<div class=\"elementor-widget-container\">\n\t\t\t\t\t<h2 class=\"elementor-heading-title elementor-size-default\">K\u00f6r\u00fckler<\/h2>\t\t\t\t<\/div>\n\t\t\t\t<\/div>\n\t\t\t\t<\/div>\n\t\t<div class=\"elementor-element elementor-element-4bfc380 e-con-full e-flex e-con e-child\" data-id=\"4bfc380\" data-element_type=\"container\" data-e-type=\"container\">\n\t\t\t\t<div class=\"elementor-element elementor-element-ac55bc4 elementor-widget elementor-widget-image\" data-id=\"ac55bc4\" data-element_type=\"widget\" data-e-type=\"widget\" data-widget_type=\"image.default\">\n\t\t\t\t<div class=\"elementor-widget-container\">\n\t\t\t\t\t\t\t\t\t\t\t\t\t\t\t<img decoding=\"async\" width=\"550\" height=\"550\" src=\"https:\/\/artplas.com.tr\/en\/wp-content\/uploads\/2024\/05\/0101.png\" class=\"attachment-large size-large wp-image-111\" alt=\"\" srcset=\"https:\/\/artplas.com.tr\/en\/wp-content\/uploads\/2024\/05\/0101.png 550w, https:\/\/artplas.com.tr\/en\/wp-content\/uploads\/2024\/05\/0101-300x300.png 300w, https:\/\/artplas.com.tr\/en\/wp-content\/uploads\/2024\/05\/0101-150x150.png 150w\" sizes=\"(max-width: 550px) 100vw, 550px\" \/>\t\t\t\t\t\t\t\t\t\t\t\t\t\t\t<\/div>\n\t\t\t\t<\/div>\n\t\t\t\t<div class=\"elementor-element elementor-element-5c29f8c elementor-widget elementor-widget-heading\" data-id=\"5c29f8c\" data-element_type=\"widget\" data-e-type=\"widget\" data-widget_type=\"heading.default\">\n\t\t\t\t<div class=\"elementor-widget-container\">\n\t\t\t\t\t<h2 class=\"elementor-heading-title elementor-size-default\">Klipsler<\/h2>\t\t\t\t<\/div>\n\t\t\t\t<\/div>\n\t\t\t\t<\/div>\n\t\t<div class=\"elementor-element elementor-element-e0d8dfa e-con-full e-flex e-con e-child\" data-id=\"e0d8dfa\" data-element_type=\"container\" data-e-type=\"container\">\n\t\t\t\t<div class=\"elementor-element elementor-element-7c04d0b elementor-widget elementor-widget-image\" data-id=\"7c04d0b\" data-element_type=\"widget\" data-e-type=\"widget\" data-widget_type=\"image.default\">\n\t\t\t\t<div class=\"elementor-widget-container\">\n\t\t\t\t\t\t\t\t\t\t\t\t\t\t\t<img loading=\"lazy\" decoding=\"async\" width=\"550\" height=\"550\" src=\"https:\/\/artplas.com.tr\/en\/wp-content\/uploads\/2024\/05\/0000.png\" class=\"attachment-large size-large wp-image-108\" alt=\"\" srcset=\"https:\/\/artplas.com.tr\/en\/wp-content\/uploads\/2024\/05\/0000.png 550w, https:\/\/artplas.com.tr\/en\/wp-content\/uploads\/2024\/05\/0000-300x300.png 300w, https:\/\/artplas.com.tr\/en\/wp-content\/uploads\/2024\/05\/0000-150x150.png 150w\" sizes=\"(max-width: 550px) 100vw, 550px\" \/>\t\t\t\t\t\t\t\t\t\t\t\t\t\t\t<\/div>\n\t\t\t\t<\/div>\n\t\t\t\t<div class=\"elementor-element elementor-element-d210149 elementor-widget elementor-widget-heading\" data-id=\"d210149\" data-element_type=\"widget\" data-e-type=\"widget\" data-widget_type=\"heading.default\">\n\t\t\t\t<div class=\"elementor-widget-container\">\n\t\t\t\t\t<h2 class=\"elementor-heading-title elementor-size-default\">Tapalar<\/h2>\t\t\t\t<\/div>\n\t\t\t\t<\/div>\n\t\t\t\t<\/div>\n\t\t<div class=\"elementor-element elementor-element-e8da268 e-con-full e-flex e-con e-child\" data-id=\"e8da268\" data-element_type=\"container\" data-e-type=\"container\">\n\t\t\t\t<div class=\"elementor-element elementor-element-8eafda4 elementor-widget elementor-widget-image\" data-id=\"8eafda4\" data-element_type=\"widget\" data-e-type=\"widget\" data-widget_type=\"image.default\">\n\t\t\t\t<div class=\"elementor-widget-container\">\n\t\t\t\t\t\t\t\t\t\t\t\t\t\t\t<img loading=\"lazy\" decoding=\"async\" width=\"550\" height=\"550\" src=\"https:\/\/artplas.com.tr\/en\/wp-content\/uploads\/2024\/05\/bagaj-ayar-civatasi.png\" class=\"attachment-large size-large wp-image-112\" alt=\"\" srcset=\"https:\/\/artplas.com.tr\/en\/wp-content\/uploads\/2024\/05\/bagaj-ayar-civatasi.png 550w, https:\/\/artplas.com.tr\/en\/wp-content\/uploads\/2024\/05\/bagaj-ayar-civatasi-300x300.png 300w, https:\/\/artplas.com.tr\/en\/wp-content\/uploads\/2024\/05\/bagaj-ayar-civatasi-150x150.png 150w\" sizes=\"(max-width: 550px) 100vw, 550px\" \/>\t\t\t\t\t\t\t\t\t\t\t\t\t\t\t<\/div>\n\t\t\t\t<\/div>\n\t\t\t\t<div class=\"elementor-element elementor-element-1c41038 elementor-widget elementor-widget-heading\" data-id=\"1c41038\" data-element_type=\"widget\" data-e-type=\"widget\" data-widget_type=\"heading.default\">\n\t\t\t\t<div class=\"elementor-widget-container\">\n\t\t\t\t\t<h2 class=\"elementor-heading-title elementor-size-default\">Ayar C\u0131vatalar\u0131<\/h2>\t\t\t\t<\/div>\n\t\t\t\t<\/div>\n\t\t\t\t<\/div>\n\t\t<div class=\"elementor-element elementor-element-762556f e-con-full e-flex e-con e-child\" data-id=\"762556f\" data-element_type=\"container\" data-e-type=\"container\">\n\t\t\t\t<div class=\"elementor-element elementor-element-1748b4a elementor-widget elementor-widget-image\" data-id=\"1748b4a\" data-element_type=\"widget\" data-e-type=\"widget\" data-widget_type=\"image.default\">\n\t\t\t\t<div class=\"elementor-widget-container\">\n\t\t\t\t\t\t\t\t\t\t\t\t\t\t\t<img loading=\"lazy\" decoding=\"async\" width=\"550\" height=\"550\" src=\"https:\/\/artplas.com.tr\/en\/wp-content\/uploads\/2024\/05\/00000.png\" class=\"attachment-large size-large wp-image-107\" alt=\"\" srcset=\"https:\/\/artplas.com.tr\/en\/wp-content\/uploads\/2024\/05\/00000.png 550w, https:\/\/artplas.com.tr\/en\/wp-content\/uploads\/2024\/05\/00000-300x300.png 300w, https:\/\/artplas.com.tr\/en\/wp-content\/uploads\/2024\/05\/00000-150x150.png 150w\" sizes=\"(max-width: 550px) 100vw, 550px\" \/>\t\t\t\t\t\t\t\t\t\t\t\t\t\t\t<\/div>\n\t\t\t\t<\/div>\n\t\t\t\t<div class=\"elementor-element elementor-element-d4e1b06 elementor-widget elementor-widget-heading\" data-id=\"d4e1b06\" data-element_type=\"widget\" data-e-type=\"widget\" data-widget_type=\"heading.default\">\n\t\t\t\t<div class=\"elementor-widget-container\">\n\t\t\t\t\t<h2 class=\"elementor-heading-title elementor-size-default\">Hidrolik Depolar<\/h2>\t\t\t\t<\/div>\n\t\t\t\t<\/div>\n\t\t\t\t<\/div>\n\t\t\t\t\t<\/div>\n\t\t\t\t<\/div>\n\t\t\t\t<\/div>\n\t\t","protected":false},"excerpt":{"rendered":"<p>Pedal Lastikleri K\u00f6r\u00fckler Klipsler Tapalar Ayar C\u0131vatalar\u0131 Hidrolik Depolar<\/p>\n","protected":false},"author":1,"featured_media":0,"parent":0,"menu_order":0,"comment_status":"closed","ping_status":"closed","template":"elementor_header_footer","meta":{"footnotes":""},"class_list":["post-23","page","type-page","status-publish","hentry"],"_links":{"self":[{"href":"https:\/\/artplas.com.tr\/en\/wp-json\/wp\/v2\/pages\/23","targetHints":{"allow":["GET"]}}],"collection":[{"href":"https:\/\/artplas.com.tr\/en\/wp-json\/wp\/v2\/pages"}],"about":[{"href":"https:\/\/artplas.com.tr\/en\/wp-json\/wp\/v2\/types\/page"}],"author":[{"embeddable":true,"href":"https:\/\/artplas.com.tr\/en\/wp-json\/wp\/v2\/users\/1"}],"replies":[{"embeddable":true,"href":"https:\/\/artplas.com.tr\/en\/wp-json\/wp\/v2\/comments?post=23"}],"version-history":[{"count":4,"href":"https:\/\/artplas.com.tr\/en\/wp-json\/wp\/v2\/pages\/23\/revisions"}],"predecessor-version":[{"id":271,"href":"https:\/\/artplas.com.tr\/en\/wp-json\/wp\/v2\/pages\/23\/revisions\/271"}],"wp:attachment":[{"href":"https:\/\/artplas.com.tr\/en\/wp-json\/wp\/v2\/media?parent=23"}],"curies":[{"name":"wp","href":"https:\/\/api.w.org\/{rel}","templated":true}]}}